{"id":15,"date":"2025-01-22T13:41:26","date_gmt":"2025-01-22T12:41:26","guid":{"rendered":"https:\/\/petanquedern.ovh\/?page_id=15"},"modified":"2025-02-06T22:38:30","modified_gmt":"2025-02-06T21:38:30","slug":"contact","status":"publish","type":"page","link":"https:\/\/petanquedern.ovh\/index.php\/contact\/","title":{"rendered":"Contact"},"content":{"rendered":"<div data-colibri-id=\"15-c1\" class=\"style-219 style-local-15-c1 position-relative\">\n  <!---->\n  <div data-colibri-component=\"section\" data-colibri-id=\"15-c2\" id=\"overlappable\" class=\"h-section h-section-global-spacing d-flex align-items-lg-center align-items-md-center align-items-center style-226 style-local-15-c2 position-relative\">\n    <!---->\n    <!---->\n    <div class=\"h-section-grid-container h-section-fluid-container\">\n      <!---->\n      <div data-colibri-id=\"15-c3\" class=\"h-row-container gutters-row-lg-0 gutters-row-md-0 gutters-row-2 gutters-row-v-lg-0 gutters-row-v-md-0 gutters-row-v-2 style-227 style-local-15-c3 position-relative\">\n        <!---->\n        <div class=\"h-row justify-content-lg-center justify-content-md-center justify-content-center align-items-lg-stretch align-items-md-stretch align-items-stretch gutters-col-lg-0 gutters-col-md-0 gutters-col-2 gutters-col-v-lg-0 gutters-col-v-md-0 gutters-col-v-2\">\n          <!---->\n          <div class=\"h-column h-column-container d-flex h-col-lg-4 h-col-md-4 h-col-12 style-228-outer style-local-15-c4-outer\">\n            <div data-colibri-id=\"15-c4\" class=\"d-flex h-flex-basis h-column__inner h-px-lg-3 h-px-md-3 h-px-2 v-inner-lg-3 v-inner-md-3 v-inner-2 style-228 style-local-15-c4 position-relative\">\n              <!---->\n              <!---->\n              <div class=\"w-100 h-y-container h-column__content h-column__v-align flex-basis-100 align-self-lg-center align-self-md-center align-self-center\">\n                <!---->\n                <div data-colibri-id=\"15-c5\" class=\"h-icon style-229 style-local-15-c5 position-relative h-element\">\n                  <!----><span class=\"h-svg-icon h-icon__icon style-229-icon style-local-15-c5-icon\"><!--Icon by Font Awesome (https:\/\/fontawesome.com)-->\n    <svg version=\"1.1\" xmlns=\"http:\/\/www.w3.org\/2000\/svg\" xmlns:xlink=\"http:\/\/www.w3.org\/1999\/xlink\" id=\"envelope-o\" viewBox=\"0 0 1792 1896.0833\">\n      <path d=\"M1664 1504V736q-32 36-69 66-268 206-426 338-51 43-83 67t-86.5 48.5T897 1280h-2q-48 0-102.5-24.5T706 1207t-83-67q-158-132-426-338-37-30-69-66v768q0 13 9.5 22.5t22.5 9.5h1472q13 0 22.5-9.5t9.5-22.5zm0-1051v-24.5l-.5-13-3-12.5-5.5-9-9-7.5-14-2.5H160q-13 0-22.5 9.5T128 416q0 168 147 284 193 152 401 317 6 5 35 29.5t46 37.5 44.5 31.5T852 1143t43 9h2q20 0 43-9t50.5-27.5 44.5-31.5 46-37.5 35-29.5q208-165 401-317 54-43 100.5-115.5T1664 453zm128-37v1088q0 66-47 113t-113 47H160q-66 0-113-47T0 1504V416q0-66 47-113t113-47h1472q66 0 113 47t47 113z\"><\/path>\n    <\/svg><\/span><\/div>\n                <div data-colibri-id=\"15-c6\" class=\"h-global-transition-all h-heading style-230 style-local-15-c6 position-relative h-element\">\n                  <!---->\n                  <div class=\"h-heading__outer style-230 style-local-15-c6\">\n                    <!---->\n                    <!---->\n                    <h5 class=\"\">Adresse mail<\/h5>\n                  <\/div>\n                <\/div>\n                <div data-colibri-id=\"15-c7\" class=\"h-text h-text-component style-231 style-local-15-c7 position-relative h-element\">\n                  <!---->\n                  <!---->\n                  <div class=\"\">\n                    <p>Remplir le formulaire ou<\/p>\n                    <p>(<span style=\"color: rgb(0, 0, 0); font-family: &quot;Times New Roman&quot;; font-size: medium; font-weight: 400;\">petanq.plijad@orange.fr)<\/span><\/p>\n                  <\/div>\n                <\/div>\n              <\/div>\n            <\/div>\n          <\/div>\n          <div class=\"h-column h-column-container d-flex h-col-lg-4 h-col-md-4 h-col-12 style-228-outer style-local-15-c8-outer\">\n            <div data-colibri-id=\"15-c8\" class=\"d-flex h-flex-basis h-column__inner h-px-lg-3 h-px-md-3 h-px-2 v-inner-lg-3 v-inner-md-3 v-inner-2 style-228 style-local-15-c8 position-relative\">\n              <!---->\n              <!---->\n              <div class=\"w-100 h-y-container h-column__content h-column__v-align flex-basis-100 align-self-lg-center align-self-md-center align-self-center\">\n                <!---->\n                <div data-colibri-id=\"15-c9\" class=\"h-icon style-229 style-local-15-c9 position-relative h-element\">\n                  <!----><span class=\"h-svg-icon h-icon__icon style-229-icon style-local-15-c9-icon\"><!--Icon by Font Awesome (https:\/\/fontawesome.com)-->\n    <svg version=\"1.1\" xmlns=\"http:\/\/www.w3.org\/2000\/svg\" xmlns:xlink=\"http:\/\/www.w3.org\/1999\/xlink\" id=\"phone\" viewBox=\"0 0 1408 1896.0833\">\n      <path d=\"M1408 1240q0 27-10 70.5t-21 68.5q-21 50-122 106-94 51-186 51-27 0-53-3.5t-57.5-12.5-47-14.5T856 1485t-49-18q-98-35-175-83-127-79-264-216T152 904q-48-77-83-175-3-9-18-49t-20.5-55.5-14.5-47T3.5 520 0 467q0-92 51-186 56-101 106-122 25-11 68.5-21t70.5-10q14 0 21 3 18 6 53 76 11 19 30 54t35 63.5 31 53.5q3 4 17.5 25t21.5 35.5 7 28.5q0 20-28.5 50t-62 55-62 53-28.5 46q0 9 5 22.5t8.5 20.5 14 24 11.5 19q76 137 174 235t235 174q2 1 19 11.5t24 14 20.5 8.5 22.5 5q18 0 46-28.5t53-62 55-62 50-28.5q14 0 28.5 7t35.5 21.5 25 17.5q25 15 53.5 31t63.5 35 54 30q70 35 76 53 3 7 3 21z\"><\/path>\n    <\/svg><\/span><\/div>\n                <div data-colibri-id=\"15-c10\" class=\"h-global-transition-all h-heading style-230 style-local-15-c10 position-relative h-element\">\n                  <!---->\n                  <div class=\"h-heading__outer style-230 style-local-15-c10\">\n                    <!---->\n                    <!---->\n                    <h5 class=\"\">T\u00e9l\u00e9phone<\/h5>\n                  <\/div>\n                <\/div>\n                <div data-colibri-id=\"15-c11\" class=\"h-text h-text-component style-231 style-local-15-c11 position-relative h-element\">\n                  <!---->\n                  <!---->\n                  <div class=\"\">\n                    <p>Pr\u00e9sident&nbsp; Marcel PRAT:<\/p>\n                    <p>06 84 39 30 99<\/p>\n                  <\/div>\n                <\/div>\n              <\/div>\n            <\/div>\n          <\/div>\n          <div class=\"h-column h-column-container d-flex h-col-lg-4 h-col-md-4 h-col-12 style-228-outer style-local-15-c12-outer\">\n            <div data-colibri-id=\"15-c12\" class=\"d-flex h-flex-basis h-column__inner h-px-lg-3 h-px-md-3 h-px-2 v-inner-lg-3 v-inner-md-3 v-inner-2 style-228 style-local-15-c12 position-relative\">\n              <!---->\n              <!---->\n              <div class=\"w-100 h-y-container h-column__content h-column__v-align flex-basis-100 align-self-lg-center align-self-md-center align-self-center\">\n                <!---->\n                <div data-colibri-id=\"15-c13\" class=\"h-icon style-229 style-local-15-c13 position-relative h-element\">\n                  <!----><span class=\"h-svg-icon h-icon__icon style-229-icon style-local-15-c13-icon\"><!--Icon by Font Awesome (https:\/\/fontawesome.com)-->\n    <svg version=\"1.1\" xmlns=\"http:\/\/www.w3.org\/2000\/svg\" xmlns:xlink=\"http:\/\/www.w3.org\/1999\/xlink\" id=\"map-marker\" viewBox=\"0 0 1049.8953 1896.0833\">\n      <path d=\"M768 640q0-106-75-181t-181-75-181 75-75 181 75 181 181 75 181-75 75-181zm256 0q0 109-33 179l-364 774q-16 33-47.5 52t-67.5 19-67.5-19-46.5-52L33 819Q0 749 0 640q0-212 150-362t362-150 362 150 150 362z\"><\/path>\n    <\/svg><\/span><\/div>\n                <div data-colibri-id=\"15-c14\" class=\"h-global-transition-all h-heading style-230 style-local-15-c14 position-relative h-element\">\n                  <!---->\n                  <div class=\"h-heading__outer style-230 style-local-15-c14\">\n                    <!---->\n                    <!---->\n                    <h5 class=\"\">Localisation<\/h5>\n                  <\/div>\n                <\/div>\n                <div data-colibri-id=\"15-c15\" class=\"h-text h-text-component style-231 style-local-15-c15 position-relative h-element\">\n                  <!---->\n                  <!---->\n                  <div class=\"\">\n                    <p>Espace Andr\u00e9 Angot<\/p>\n                    <p>2, Rue de la Lib\u00e9ration &#8211; Edern<\/p>\n                  <\/div>\n                <\/div>\n              <\/div>\n            <\/div>\n          <\/div>\n        <\/div>\n      <\/div>\n    <\/div>\n  <\/div>\n  <div data-colibri-component=\"section\" data-colibri-id=\"15-c16\" id=\"custom\" class=\"h-section h-section-global-spacing d-flex align-items-lg-center align-items-md-center align-items-center style-233 style-local-15-c16 position-relative\">\n    <!---->\n    <!---->\n    <div class=\"h-section-grid-container h-section-boxed-container\">\n      <!---->\n      <div data-colibri-id=\"15-c17\" class=\"h-row-container gutters-row-lg-2 gutters-row-md-2 gutters-row-0 gutters-row-v-lg-2 gutters-row-v-md-2 gutters-row-v-2 style-234 style-local-15-c17 position-relative\">\n        <!---->\n        <div class=\"h-row justify-content-lg-center justify-content-md-center justify-content-center align-items-lg-stretch align-items-md-stretch align-items-stretch gutters-col-lg-2 gutters-col-md-2 gutters-col-0 gutters-col-v-lg-2 gutters-col-v-md-2 gutters-col-v-2\">\n          <!---->\n          <div class=\"h-column h-column-container d-flex h-col-lg-auto h-col-md-auto h-col-auto style-235-outer style-local-15-c18-outer\">\n            <div data-colibri-id=\"15-c18\" class=\"d-flex h-flex-basis h-column__inner h-px-lg-2 h-px-md-2 h-px-2 v-inner-lg-2 v-inner-md-2 v-inner-2 style-235 style-local-15-c18 position-relative\">\n              <!---->\n              <!---->\n              <div class=\"w-100 h-y-container h-column__content h-column__v-align flex-basis-100 align-self-lg-start align-self-md-start align-self-start\">\n                <!---->\n                <div data-colibri-id=\"15-c19\" class=\"h-contact-form__outer--forminator style-237 style-local-15-c19 position-relative h-element\">\n                  <!---->\n                  <div class=\"h-global-transition-all h-global-transition h-global-transition-all h-contact-form-shortcode\"><div class=\"forminator-ui forminator-custom-form forminator-custom-form-235 forminator-design--flat  forminator_ajax\" data-forminator-render=\"0\" data-form=\"forminator-module-235\" data-uid=\"69fec067d201b\"><br\/><\/div><form\n\t\t\t\tid=\"forminator-module-235\"\n\t\t\t\tclass=\"forminator-ui forminator-custom-form forminator-custom-form-235 forminator-design--flat  forminator_ajax\"\n\t\t\t\tmethod=\"post\"\n\t\t\t\tdata-forminator-render=\"0\"\n\t\t\t\tdata-form-id=\"235\"\n\t\t\t\t\n\t\t\t\tdata-design=\"flat\"\n\t\t\t\t\n\t\t\t\t\n\t\t\t\t\n\t\t\t\tdata-grid=\"open\"\n\t\t\t\t\n\t\t\t\t\n\t\t\t\tstyle=\"display: none;\"\n\t\t\t\t\n\t\t\t\tdata-uid=\"69fec067d201b\"\n\t\t\t><div role=\"alert\" aria-live=\"polite\" class=\"forminator-response-message forminator-error\" aria-hidden=\"true\"><\/div><div class=\"forminator-row\"><div id=\"name-1\" class=\"forminator-field-name forminator-col forminator-col-12 \"><div class=\"forminator-field\"><label for=\"forminator-field-name-1_69fec067d201b\" id=\"forminator-field-name-1_69fec067d201b-label\" class=\"forminator-label\">Pr\u00e9nom <span class=\"forminator-required\">*<\/span><\/label><input type=\"text\" name=\"name-1\" value=\"\" placeholder=\"Par exemple\u00a0: Jean\" id=\"forminator-field-name-1_69fec067d201b\" class=\"forminator-input forminator-name--field\" aria-required=\"true\" \/><\/div><\/div><\/div><div class=\"forminator-row\"><div id=\"email-1\" class=\"forminator-field-email forminator-col forminator-col-12 \"><div class=\"forminator-field\"><label for=\"forminator-field-email-1_69fec067d201b\" id=\"forminator-field-email-1_69fec067d201b-label\" class=\"forminator-label\">Adresse de messagerie <span class=\"forminator-required\">*<\/span><\/label><input type=\"email\" name=\"email-1\" value=\"\" placeholder=\"Par exemple\u00a0: jacques@martin.com\" id=\"forminator-field-email-1_69fec067d201b\" class=\"forminator-input forminator-email--field\" data-required=\"true\" aria-required=\"true\" \/><\/div><\/div><\/div><div class=\"forminator-row\"><div id=\"phone-1\" class=\"forminator-field-phone forminator-col forminator-col-12 \"><div class=\"forminator-field\"><label for=\"forminator-field-phone-1_69fec067d201b\" id=\"forminator-field-phone-1_69fec067d201b-label\" class=\"forminator-label\">Num\u00e9ro de t\u00e9l\u00e9phone<\/label><input type=\"text\" name=\"phone-1\" value=\"\" placeholder=\"Par exemple\u00a0: +1 02 03 04 05\" id=\"forminator-field-phone-1_69fec067d201b\" class=\"forminator-input forminator-field--phone\" data-required=\"\" aria-required=\"false\" autocomplete=\"off\" \/><\/div><\/div><\/div><div class=\"forminator-row\"><div id=\"textarea-1\" class=\"forminator-field-textarea forminator-col forminator-col-12 \"><div class=\"forminator-field\"><label for=\"forminator-field-textarea-1_69fec067d201b\" id=\"forminator-field-textarea-1_69fec067d201b-label\" class=\"forminator-label\">Message<\/label><textarea name=\"textarea-1\" placeholder=\"Saisissez votre message\u2026\" id=\"forminator-field-textarea-1_69fec067d201b\" class=\"forminator-textarea\" rows=\"6\" style=\"min-height:140px;\" maxlength=\"180\" ><\/textarea><span id=\"forminator-field-textarea-1_69fec067d201b-description\" class=\"forminator-description\"><span data-limit=\"180\" data-type=\"characters\" data-editor=\"\">0 \/ 180<\/span><\/span><\/div><\/div><\/div><input type=\"hidden\" name=\"referer_url\" value=\"\" \/><div class=\"forminator-row forminator-row-last\"><div class=\"forminator-col\"><div class=\"forminator-field\"><button class=\"forminator-button forminator-button-submit\">Envoyer le message<\/button><\/div><\/div><\/div><input type=\"hidden\" id=\"forminator_nonce\" name=\"forminator_nonce\" value=\"c92273d65e\" \/><input type=\"hidden\" name=\"_wp_http_referer\" value=\"\/index.php\/wp-json\/wp\/v2\/pages\/15\" \/><input type=\"hidden\" name=\"form_id\" value=\"235\"><input type=\"hidden\" name=\"page_id\" value=\"15\"><input type=\"hidden\" name=\"form_type\" value=\"default\"><input type=\"hidden\" name=\"current_url\" value=\"https:\/\/petanquedern.ovh\/index.php\/contact\/\"><input type=\"hidden\" name=\"render_id\" value=\"0\"><input type=\"hidden\" name=\"action\" value=\"forminator_submit_form_custom-forms\"><\/form><\/div>\n                <\/div>\n              <\/div>\n            <\/div>\n          <\/div>\n        <\/div>\n      <\/div>\n    <\/div>\n  <\/div>\n<\/div>","protected":false},"excerpt":{"rendered":"<p>Adresse mail Remplir le formulaire ou (petanq.plijad@orange.fr) T\u00e9l\u00e9phone Pr\u00e9sident&nbsp; Marcel PRAT: 06 84 39 30 99 Localisation Espace Andr\u00e9 Angot 2, Rue de la Lib\u00e9ration &#8211; Edern<\/p>\n","protected":false},"author":1,"featured_media":59,"parent":0,"menu_order":0,"comment_status":"closed","ping_status":"closed","template":"page-templates\/full-width-page.php","meta":{"footnotes":""},"class_list":["post-15","page","type-page","status-publish","has-post-thumbnail","hentry"],"yoast_head":"<!-- This site is optimized with the Yoast SEO plugin v25.0 - https:\/\/yoast.com\/wordpress\/plugins\/seo\/ -->\n<title>Contact - Petanq Plijadur an Edern<\/title>\n<meta name=\"robots\" content=\"index, follow, max-snippet:-1, max-image-preview:large, max-video-preview:-1\" \/>\n<link rel=\"canonical\" href=\"https:\/\/petanquedern.ovh\/index.php\/contact\/\" \/>\n<meta property=\"og:locale\" content=\"fr_FR\" \/>\n<meta property=\"og:type\" content=\"article\" \/>\n<meta property=\"og:title\" content=\"Contact - Petanq Plijadur an Edern\" \/>\n<meta property=\"og:description\" content=\"Adresse mail Remplir le formulaire ou (petanq.plijad@orange.fr) T\u00e9l\u00e9phone Pr\u00e9sident&nbsp; Marcel PRAT: 06 84 39 30 99 Localisation Espace Andr\u00e9 Angot 2, Rue de la Lib\u00e9ration &#8211; Edern\" \/>\n<meta property=\"og:url\" content=\"https:\/\/petanquedern.ovh\/index.php\/contact\/\" \/>\n<meta property=\"og:site_name\" content=\"Petanq Plijadur an Edern\" \/>\n<meta property=\"article:publisher\" content=\"https:\/\/www.facebook.com\/p\/Petanq-Plijadur-an-Edern-100057431416539\/?locale=fr_FR\" \/>\n<meta property=\"article:modified_time\" content=\"2025-02-06T21:38:30+00:00\" \/>\n<meta property=\"og:image\" content=\"http:\/\/petanquedern.ovh\/wp-content\/uploads\/2025\/01\/image-2-1.jpg\" \/>\n\t<meta property=\"og:image:width\" content=\"533\" \/>\n\t<meta property=\"og:image:height\" content=\"400\" \/>\n\t<meta property=\"og:image:type\" content=\"image\/jpeg\" \/>\n<meta name=\"twitter:card\" content=\"summary_large_image\" \/>\n<meta name=\"twitter:label1\" content=\"Dur\u00e9e de lecture estim\u00e9e\" \/>\n\t<meta name=\"twitter:data1\" content=\"1 minute\" \/>\n<script type=\"application\/ld+json\" class=\"yoast-schema-graph\">{\"@context\":\"https:\/\/schema.org\",\"@graph\":[{\"@type\":\"WebPage\",\"@id\":\"https:\/\/petanquedern.ovh\/index.php\/contact\/\",\"url\":\"https:\/\/petanquedern.ovh\/index.php\/contact\/\",\"name\":\"Contact - Petanq Plijadur an Edern\",\"isPartOf\":{\"@id\":\"https:\/\/petanquedern.ovh\/#website\"},\"primaryImageOfPage\":{\"@id\":\"https:\/\/petanquedern.ovh\/index.php\/contact\/#primaryimage\"},\"image\":{\"@id\":\"https:\/\/petanquedern.ovh\/index.php\/contact\/#primaryimage\"},\"thumbnailUrl\":\"https:\/\/petanquedern.ovh\/wp-content\/uploads\/2025\/01\/image-2-1.jpg\",\"datePublished\":\"2025-01-22T12:41:26+00:00\",\"dateModified\":\"2025-02-06T21:38:30+00:00\",\"breadcrumb\":{\"@id\":\"https:\/\/petanquedern.ovh\/index.php\/contact\/#breadcrumb\"},\"inLanguage\":\"fr-FR\",\"potentialAction\":[{\"@type\":\"ReadAction\",\"target\":[\"https:\/\/petanquedern.ovh\/index.php\/contact\/\"]}]},{\"@type\":\"ImageObject\",\"inLanguage\":\"fr-FR\",\"@id\":\"https:\/\/petanquedern.ovh\/index.php\/contact\/#primaryimage\",\"url\":\"https:\/\/petanquedern.ovh\/wp-content\/uploads\/2025\/01\/image-2-1.jpg\",\"contentUrl\":\"https:\/\/petanquedern.ovh\/wp-content\/uploads\/2025\/01\/image-2-1.jpg\",\"width\":533,\"height\":400},{\"@type\":\"BreadcrumbList\",\"@id\":\"https:\/\/petanquedern.ovh\/index.php\/contact\/#breadcrumb\",\"itemListElement\":[{\"@type\":\"ListItem\",\"position\":1,\"name\":\"Accueil\",\"item\":\"https:\/\/petanquedern.ovh\/\"},{\"@type\":\"ListItem\",\"position\":2,\"name\":\"Contact\"}]},{\"@type\":\"WebSite\",\"@id\":\"https:\/\/petanquedern.ovh\/#website\",\"url\":\"https:\/\/petanquedern.ovh\/\",\"name\":\"Petanq Plijadur an Edern\",\"description\":\"\",\"publisher\":{\"@id\":\"https:\/\/petanquedern.ovh\/#organization\"},\"alternateName\":\"Club de p\u00e9tanque d'Edern\",\"potentialAction\":[{\"@type\":\"SearchAction\",\"target\":{\"@type\":\"EntryPoint\",\"urlTemplate\":\"https:\/\/petanquedern.ovh\/?s={search_term_string}\"},\"query-input\":{\"@type\":\"PropertyValueSpecification\",\"valueRequired\":true,\"valueName\":\"search_term_string\"}}],\"inLanguage\":\"fr-FR\"},{\"@type\":\"Organization\",\"@id\":\"https:\/\/petanquedern.ovh\/#organization\",\"name\":\"Petanq Plijadur an Edern\",\"url\":\"https:\/\/petanquedern.ovh\/\",\"logo\":{\"@type\":\"ImageObject\",\"inLanguage\":\"fr-FR\",\"@id\":\"https:\/\/petanquedern.ovh\/#\/schema\/logo\/image\/\",\"url\":\"https:\/\/petanquedern.ovh\/wp-content\/uploads\/2025\/01\/cropped-cropped-cropped-cropped-Untitled_design__9_-removebg-preview.png\",\"contentUrl\":\"https:\/\/petanquedern.ovh\/wp-content\/uploads\/2025\/01\/cropped-cropped-cropped-cropped-Untitled_design__9_-removebg-preview.png\",\"width\":339,\"height\":339,\"caption\":\"Petanq Plijadur an Edern\"},\"image\":{\"@id\":\"https:\/\/petanquedern.ovh\/#\/schema\/logo\/image\/\"},\"sameAs\":[\"https:\/\/www.facebook.com\/p\/Petanq-Plijadur-an-Edern-100057431416539\/?locale=fr_FR\"]}]}<\/script>\n<!-- \/ Yoast SEO plugin. -->","yoast_head_json":{"title":"Contact - Petanq Plijadur an Edern","robots":{"index":"index","follow":"follow","max-snippet":"max-snippet:-1","max-image-preview":"max-image-preview:large","max-video-preview":"max-video-preview:-1"},"canonical":"https:\/\/petanquedern.ovh\/index.php\/contact\/","og_locale":"fr_FR","og_type":"article","og_title":"Contact - Petanq Plijadur an Edern","og_description":"Adresse mail Remplir le formulaire ou (petanq.plijad@orange.fr) T\u00e9l\u00e9phone Pr\u00e9sident&nbsp; Marcel PRAT: 06 84 39 30 99 Localisation Espace Andr\u00e9 Angot 2, Rue de la Lib\u00e9ration &#8211; Edern","og_url":"https:\/\/petanquedern.ovh\/index.php\/contact\/","og_site_name":"Petanq Plijadur an Edern","article_publisher":"https:\/\/www.facebook.com\/p\/Petanq-Plijadur-an-Edern-100057431416539\/?locale=fr_FR","article_modified_time":"2025-02-06T21:38:30+00:00","og_image":[{"width":533,"height":400,"url":"http:\/\/petanquedern.ovh\/wp-content\/uploads\/2025\/01\/image-2-1.jpg","type":"image\/jpeg"}],"twitter_card":"summary_large_image","twitter_misc":{"Dur\u00e9e de lecture estim\u00e9e":"1 minute"},"schema":{"@context":"https:\/\/schema.org","@graph":[{"@type":"WebPage","@id":"https:\/\/petanquedern.ovh\/index.php\/contact\/","url":"https:\/\/petanquedern.ovh\/index.php\/contact\/","name":"Contact - Petanq Plijadur an Edern","isPartOf":{"@id":"https:\/\/petanquedern.ovh\/#website"},"primaryImageOfPage":{"@id":"https:\/\/petanquedern.ovh\/index.php\/contact\/#primaryimage"},"image":{"@id":"https:\/\/petanquedern.ovh\/index.php\/contact\/#primaryimage"},"thumbnailUrl":"https:\/\/petanquedern.ovh\/wp-content\/uploads\/2025\/01\/image-2-1.jpg","datePublished":"2025-01-22T12:41:26+00:00","dateModified":"2025-02-06T21:38:30+00:00","breadcrumb":{"@id":"https:\/\/petanquedern.ovh\/index.php\/contact\/#breadcrumb"},"inLanguage":"fr-FR","potentialAction":[{"@type":"ReadAction","target":["https:\/\/petanquedern.ovh\/index.php\/contact\/"]}]},{"@type":"ImageObject","inLanguage":"fr-FR","@id":"https:\/\/petanquedern.ovh\/index.php\/contact\/#primaryimage","url":"https:\/\/petanquedern.ovh\/wp-content\/uploads\/2025\/01\/image-2-1.jpg","contentUrl":"https:\/\/petanquedern.ovh\/wp-content\/uploads\/2025\/01\/image-2-1.jpg","width":533,"height":400},{"@type":"BreadcrumbList","@id":"https:\/\/petanquedern.ovh\/index.php\/contact\/#breadcrumb","itemListElement":[{"@type":"ListItem","position":1,"name":"Accueil","item":"https:\/\/petanquedern.ovh\/"},{"@type":"ListItem","position":2,"name":"Contact"}]},{"@type":"WebSite","@id":"https:\/\/petanquedern.ovh\/#website","url":"https:\/\/petanquedern.ovh\/","name":"Petanq Plijadur an Edern","description":"","publisher":{"@id":"https:\/\/petanquedern.ovh\/#organization"},"alternateName":"Club de p\u00e9tanque d'Edern","potentialAction":[{"@type":"SearchAction","target":{"@type":"EntryPoint","urlTemplate":"https:\/\/petanquedern.ovh\/?s={search_term_string}"},"query-input":{"@type":"PropertyValueSpecification","valueRequired":true,"valueName":"search_term_string"}}],"inLanguage":"fr-FR"},{"@type":"Organization","@id":"https:\/\/petanquedern.ovh\/#organization","name":"Petanq Plijadur an Edern","url":"https:\/\/petanquedern.ovh\/","logo":{"@type":"ImageObject","inLanguage":"fr-FR","@id":"https:\/\/petanquedern.ovh\/#\/schema\/logo\/image\/","url":"https:\/\/petanquedern.ovh\/wp-content\/uploads\/2025\/01\/cropped-cropped-cropped-cropped-Untitled_design__9_-removebg-preview.png","contentUrl":"https:\/\/petanquedern.ovh\/wp-content\/uploads\/2025\/01\/cropped-cropped-cropped-cropped-Untitled_design__9_-removebg-preview.png","width":339,"height":339,"caption":"Petanq Plijadur an Edern"},"image":{"@id":"https:\/\/petanquedern.ovh\/#\/schema\/logo\/image\/"},"sameAs":["https:\/\/www.facebook.com\/p\/Petanq-Plijadur-an-Edern-100057431416539\/?locale=fr_FR"]}]}},"_links":{"self":[{"href":"https:\/\/petanquedern.ovh\/index.php\/wp-json\/wp\/v2\/pages\/15","targetHints":{"allow":["GET"]}}],"collection":[{"href":"https:\/\/petanquedern.ovh\/index.php\/wp-json\/wp\/v2\/pages"}],"about":[{"href":"https:\/\/petanquedern.ovh\/index.php\/wp-json\/wp\/v2\/types\/page"}],"author":[{"embeddable":true,"href":"https:\/\/petanquedern.ovh\/index.php\/wp-json\/wp\/v2\/users\/1"}],"replies":[{"embeddable":true,"href":"https:\/\/petanquedern.ovh\/index.php\/wp-json\/wp\/v2\/comments?post=15"}],"version-history":[{"count":12,"href":"https:\/\/petanquedern.ovh\/index.php\/wp-json\/wp\/v2\/pages\/15\/revisions"}],"predecessor-version":[{"id":481,"href":"https:\/\/petanquedern.ovh\/index.php\/wp-json\/wp\/v2\/pages\/15\/revisions\/481"}],"wp:featuredmedia":[{"embeddable":true,"href":"https:\/\/petanquedern.ovh\/index.php\/wp-json\/wp\/v2\/media\/59"}],"wp:attachment":[{"href":"https:\/\/petanquedern.ovh\/index.php\/wp-json\/wp\/v2\/media?parent=15"}],"curies":[{"name":"wp","href":"https:\/\/api.w.org\/{rel}","templated":true}]}}